{"id":2634,"date":"2023-05-24T14:36:06","date_gmt":"2023-05-24T17:36:06","guid":{"rendered":"https:\/\/dialibre.com\/?page_id=2634"},"modified":"2023-11-05T13:46:32","modified_gmt":"2023-11-05T16:46:32","slug":"politica-de-privacidad","status":"publish","type":"page","link":"https:\/\/dialibre.com\/en\/politica-de-privacidad\/","title":{"rendered":"Pol\u00edtica de privacidad"},"content":{"rendered":"<div data-elementor-type=\"wp-page\" data-elementor-id=\"2634\" class=\"elementor elementor-2634\" data-elementor-post-type=\"page\">\n\t\t\t\t\t\t<section class=\"elementor-section elementor-top-section elementor-element elementor-element-4eb61a4 elementor-section-height-min-height elementor-section-boxed elementor-section-height-default elementor-section-items-middle\" data-id=\"4eb61a4\" data-element_type=\"section\" data-e-type=\"section\" data-settings=\"{&quot;background_background&quot;:&quot;classic&quot;}\">\n\t\t\t\t\t\t<div class=\"elementor-container elementor-column-gap-default\">\n\t\t\t\t\t<div class=\"elementor-column elementor-col-100 elementor-top-column elementor-element elementor-element-d661e76\" data-id=\"d661e76\" data-element_type=\"column\" data-e-type=\"column\">\n\t\t\t<div class=\"elementor-widget-wrap elementor-element-populated\">\n\t\t\t\t\t\t<div class=\"elementor-element elementor-element-1e7a929 elementor-widget elementor-widget-spacer\" data-id=\"1e7a929\" data-element_type=\"widget\" data-e-type=\"widget\" data-widget_type=\"spacer.default\">\n\t\t\t\t<div class=\"elementor-widget-container\">\n\t\t\t\t\t\t\t<div class=\"elementor-spacer\">\n\t\t\t<div class=\"elementor-spacer-inner\"><\/div>\n\t\t<\/div>\n\t\t\t\t\t\t<\/div>\n\t\t\t\t<\/div>\n\t\t\t\t<div class=\"elementor-element elementor-element-9f05483 elementor-widget elementor-widget-heading\" data-id=\"9f05483\" data-element_type=\"widget\" data-e-type=\"widget\" data-widget_type=\"heading.default\">\n\t\t\t\t<div class=\"elementor-widget-container\">\n\t\t\t\t\t<h1 class=\"elementor-heading-title elementor-size-default\">Pol\u00edtica de <ins>privacidad\n<\/h1>\t\t\t\t<\/div>\n\t\t\t\t<\/div>\n\t\t\t\t<div class=\"elementor-element elementor-element-f8ef17b elementor-widget elementor-widget-html\" data-id=\"f8ef17b\" data-element_type=\"widget\" data-e-type=\"widget\" data-widget_type=\"html.default\">\n\t\t\t\t<div class=\"elementor-widget-container\">\n\t\t\t\t\t<style>\r\n   .site-header {\r\n      display: none !important;\r\n   }\r\n<\/style>\t\t\t\t<\/div>\n\t\t\t\t<\/div>\n\t\t\t\t<div class=\"elementor-element elementor-element-5966162 elementor-widget elementor-widget-text-editor\" data-id=\"5966162\" data-element_type=\"widget\" data-e-type=\"widget\" data-widget_type=\"text-editor.default\">\n\t\t\t\t<div class=\"elementor-widget-container\">\n\t\t\t\t\t\t\t\t\t<p style=\"color: #4c4c4c;\"><strong>1. INFORMACI\u00d3N AL USUARIO<\/strong><\/p>\n<strong>\u00bfQui\u00e9n es el responsable del tratamiento de tus datos personales?<\/strong>\nDIA LIBRE VIAJES SL es el RESPONSABLE del tratamiento de los datos personales del USUARIO y le informa de que\nestos datos ser\u00e1n tratados de conformidad con lo dispuesto en el Reglamento (UE) 2016\/679, de 27 de abril (GDPR), y\nla Ley Org\u00e1nica 3\/2018, de 5 de diciembre (LOPDGDD).\n<strong>\u00bfPara qu\u00e9 tratamos tus datos personales y por qu\u00e9 lo hacemos?<\/strong>\nSeg\u00fan el formulario donde hayamos obtenido sus datos personales, los trataremos de manera confidencial para\nalcanzar los siguientes fines:\nEn el formulario <strong>Registro de usuario<\/strong>\nGestionar la cuenta del usuario para proporcionarle un acceso personalizado a la p\u00e1gina web y a los servicios\ninteractivos que ofrece.\n(por el consentimiento del interesado, 6.1.a GDPR)\nEn el formulario <strong>E-commerce<\/strong>\nGestionar su compra o pedido online, procesar el pago y proceder al env\u00edo o activaci\u00f3n del mismo, en base a las\ncondiciones generales de contrataci\u00f3n.\n(para la ejecuci\u00f3n de un contrato o precontrato, 6.1.b GDPR)\nGestionar, mantener, mejorar o desarrollar los servicios prestados.\n(para la ejecuci\u00f3n de un contrato o precontrato, 6.1.b GDPR)\nRealizar encuestas de satisfacci\u00f3n y calidad.\n(por el inter\u00e9s leg\u00edtimo del responsable, art. 6.1.f GDPR)\nEn el formulario <strong>Contact<\/strong>\nDar respuesta a las consultas o cualquier tipo de petici\u00f3n que sea realizada por el usuario a trav\u00e9s de cualquiera\nde las formas de contacto que se ponen a su disposici\u00f3n en la p\u00e1gina web del responsable.\n(por el inter\u00e9s leg\u00edtimo del responsable, art. 6.1.f GDPR)\nEnviar comunicaciones comerciales publicitarias por e-mail, fax, SMS, MMS, redes sociales o cualquier otro medio\nelectr\u00f3nico o f\u00edsico, presente o futuro, que posibilite realizar comunicaciones comerciales. Estas comunicaciones\nser\u00e1n realizadas por el responsable y estar\u00e1n relacionadas con sus productos y servicios, o de sus colaboradores o\nproveedores, con los que este haya alcanzado alg\u00fan acuerdo de promoci\u00f3n. En este caso, los terceros nunca\ntendr\u00e1n acceso a los datos personales.\n(por el consentimiento del interesado, 6.1.a GDPR)\nRealizar an\u00e1lisis estad\u00edsticos y estudios de mercado.\n(por el inter\u00e9s leg\u00edtimo del responsable, art. 6.1.f GDPR)\n<strong>\u00bfDurante cu\u00e1nto tiempo guardaremos tus datos personales?<\/strong>\nSe conservar\u00e1n durante no m\u00e1s tiempo del necesario para mantener el fin del tratamiento o existan prescripciones\nlegales que dictaminen su custodia y cuando ya no sea necesario para ello, se suprimir\u00e1n con medidas de seguridad\nadecuadas para garantizar la anonimizaci\u00f3n de los datos o la destrucci\u00f3n total de los mismos.\n<strong>\u00bfA qui\u00e9n facilitamos sus datos personales?<\/strong>\nNo est\u00e1 prevista ninguna comunicaci\u00f3n de datos personales a terceros salvo, si fuese necesario para el desarrollo y\nejecuci\u00f3n de las finalidades del tratamiento, a nuestros proveedores de servicios relacionados con comunicaciones, con\nlos cuales el RESPONSABLE tiene suscritos los contratos de confidencialidad y de encargado de tratamiento exigidos\npor la normativa vigente de privacidad.\n<strong>\u00bfCu\u00e1les son tus derechos?<\/strong>\nLos derechos que asisten al USUARIO son:\nDerecho a retirar el consentimiento en cualquier momento.\nDerecho de acceso, rectificaci\u00f3n, portabilidad y supresi\u00f3n de sus datos, y de limitaci\u00f3n u oposici\u00f3n a su\ntratamiento.\nDerecho a presentar una reclamaci\u00f3n ante la autoridad de control (www.aepd.es) si considera que el tratamiento\nno se ajusta a la normativa vigente.\n<strong>Datos de contacto para ejercer sus derechos:<\/strong>\nDIA LIBRE VIAJES SL. AVENIDA MENENDEZ PELAYO , 67 &#8211; LOCALES 2 Y 3, 67 &#8211; 28009 MADRID (Madrid). E-mail:\nlopd@dialibre.com\n<p style=\"color: #4c4c4c; margin-top: 20px;\"><strong>2. CAR\u00c1CTER OBLIGATORIO O FACULTATIVO DE LA INFORMACI\u00d3N FACILITADA POR EL\nUSUARIO<\/strong><\/p>\nLos USUARIOS, mediante la marcaci\u00f3n de las casillas correspondientes y la entrada de datos en los campos, marcados\ncon un asterisco (*) en el formulario de contacto o presentados en formularios de descarga, aceptan expresamente y de\nforma libre e inequ\u00edvoca, que sus datos son necesarios para atender su petici\u00f3n, por parte del prestador, siendo\nvoluntaria la inclusi\u00f3n de datos en los campos restantes. El USUARIO garantiza que los datos personales facilitados al\nRESPONSABLE son veraces y se hace responsable de comunicar cualquier modificaci\u00f3n de los mismos.\nEl RESPONSABLE informa de que todos los datos solicitados a trav\u00e9s del sitio web son obligatorios, ya que son\nnecesarios para la prestaci\u00f3n de un servicio \u00f3ptimo al USUARIO. En caso de que no se faciliten todos los datos, no se\ngarantiza que la informaci\u00f3n y servicios facilitados sean completamente ajustados a sus necesidades.\n<p style=\"color: #4c4c4c; margin-top: 20px;\"><strong>3. MEDIDAS DE SEGURIDAD<\/strong><\/p>\nQue de conformidad con lo dispuesto en las normativas vigentes en protecci\u00f3n de datos personales, el RESPONSABLE\nest\u00e1 cumpliendo con todas las disposiciones de las normativas GDPR y LOPDGDD para el tratamiento de los datos\npersonales de su responsabilidad, y manifiestamente con los principios descritos en el art\u00edculo 5 del GDPR, por los\ncuales son tratados de manera l\u00edcita, leal y transparente en relaci\u00f3n con el interesado y adecuados, pertinentes y\nlimitados a lo necesario en relaci\u00f3n con los fines para los que son tratados.\nEl RESPONSABLE garantiza que ha implementado pol\u00edticas t\u00e9cnicas y organizativas apropiadas para aplicar las\nmedidas de seguridad que establecen el GDPR y la LOPDGDD con el fin de proteger los derechos y libertades de los\nUSUARIOS y les ha comunicado la informaci\u00f3n adecuada para que puedan ejercerlos.\nPara m\u00e1s informaci\u00f3n sobre las garant\u00edas de privacidad, puedes dirigirte al RESPONSABLE a trav\u00e9s de DIA LIBRE\nVIAJES SL. AVENIDA MENENDEZ PELAYO , 67 &#8211; LOCALES 2 Y 3, 67 &#8211; 28009 MADRID (Madrid). E-mail:\nlopd@dialibre.com\t\t\t\t\t\t\t\t<\/div>\n\t\t\t\t<\/div>\n\t\t\t\t<div class=\"elementor-element elementor-element-24d4041 elementor-widget elementor-widget-spacer\" data-id=\"24d4041\" data-element_type=\"widget\" data-e-type=\"widget\" data-widget_type=\"spacer.default\">\n\t\t\t\t<div class=\"elementor-widget-container\">\n\t\t\t\t\t\t\t<div class=\"elementor-spacer\">\n\t\t\t<div class=\"elementor-spacer-inner\"><\/div>\n\t\t<\/div>\n\t\t\t\t\t\t<\/div>\n\t\t\t\t<\/div>\n\t\t\t\t<div class=\"elementor-element elementor-element-469f38e elementor-align-center elementor-widget elementor-widget-button\" data-id=\"469f38e\" data-element_type=\"widget\" data-e-type=\"widget\" data-widget_type=\"button.default\">\n\t\t\t\t<div class=\"elementor-widget-container\">\n\t\t\t\t\t\t\t\t\t<div class=\"elementor-button-wrapper\">\n\t\t\t\t\t<a class=\"elementor-button elementor-button-link elementor-size-lg\" href=\"http:\/\/dialibre.com\/en\/\">\n\t\t\t\t\t\t<span class=\"elementor-button-content-wrapper\">\n\t\t\t\t\t\t\t\t\t<span class=\"elementor-button-text\">BACK TO HOME<\/span>\n\t\t\t\t\t<\/span>\n\t\t\t\t\t<\/a>\n\t\t\t\t<\/div>\n\t\t\t\t\t\t\t\t<\/div>\n\t\t\t\t<\/div>\n\t\t\t\t<div class=\"elementor-element elementor-element-3d94844 elementor-widget elementor-widget-spacer\" data-id=\"3d94844\" data-element_type=\"widget\" data-e-type=\"widget\" data-widget_type=\"spacer.default\">\n\t\t\t\t<div class=\"elementor-widget-container\">\n\t\t\t\t\t\t\t<div class=\"elementor-spacer\">\n\t\t\t<div class=\"elementor-spacer-inner\"><\/div>\n\t\t<\/div>\n\t\t\t\t\t\t<\/div>\n\t\t\t\t<\/div>\n\t\t\t\t\t<\/div>\n\t\t<\/div>\n\t\t\t\t\t<\/div>\n\t\t<\/section>\n\t\t\t\t<\/div>","protected":false},"excerpt":{"rendered":"<p>Pol\u00edtica de privacidad 1. INFORMACI\u00d3N AL USUARIO \u00bfQui\u00e9n es el responsable del tratamiento de tus datos personales? DIA LIBRE VIAJES SL es el RESPONSABLE del tratamiento de los datos personales del USUARIO y le informa de que estos datos ser\u00e1n tratados de conformidad con lo dispuesto en el Reglamento (UE) 2016\/679, de 27 de abril [&hellip;]<\/p>\n","protected":false},"author":1,"featured_media":0,"parent":0,"menu_order":0,"comment_status":"closed","ping_status":"closed","template":"","meta":{"site-sidebar-layout":"no-sidebar","site-content-layout":"page-builder","ast-site-content-layout":"default","site-content-style":"default","site-sidebar-style":"default","ast-global-header-display":"","ast-banner-title-visibility":"","ast-main-header-display":"","ast-hfb-above-header-display":"","ast-hfb-below-header-display":"","ast-hfb-mobile-header-display":"","site-post-title":"disabled","ast-breadcrumbs-content":"","ast-featured-img":"disabled","footer-sml-layout":"","ast-disable-related-posts":"","theme-transparent-header-meta":"","adv-header-id-meta":"","stick-header-meta":"","header-above-stick-meta":"","header-main-stick-meta":"","header-below-stick-meta":"","astra-migrate-meta-layouts":"default","ast-page-background-enabled":"default","ast-page-background-meta":{"desktop":{"background-color":"var(--ast-global-color-4)","background-image":"","background-repeat":"repeat","background-position":"center center","background-size":"auto","background-attachment":"scroll","background-type":"","background-media":"","overlay-type":"","overlay-color":"","overlay-opacity":"","overlay-gradient":""},"tablet":{"background-color":"","background-image":"","background-repeat":"repeat","background-position":"center center","background-size":"auto","background-attachment":"scroll","background-type":"","background-media":"","overlay-type":"","overlay-color":"","overlay-opacity":"","overlay-gradient":""},"mobile":{"background-color":"","background-image":"","background-repeat":"repeat","background-position":"center center","background-size":"auto","background-attachment":"scroll","background-type":"","background-media":"","overlay-type":"","overlay-color":"","overlay-opacity":"","overlay-gradient":""}},"ast-content-background-meta":{"desktop":{"background-color":"var(--ast-global-color-5)","background-image":"","background-repeat":"repeat","background-position":"center center","background-size":"auto","background-attachment":"scroll","background-type":"","background-media":"","overlay-type":"","overlay-color":"","overlay-opacity":"","overlay-gradient":""},"tablet":{"background-color":"var(--ast-global-color-5)","background-image":"","background-repeat":"repeat","background-position":"center center","background-size":"auto","background-attachment":"scroll","background-type":"","background-media":"","overlay-type":"","overlay-color":"","overlay-opacity":"","overlay-gradient":""},"mobile":{"background-color":"var(--ast-global-color-5)","background-image":"","background-repeat":"repeat","background-position":"center center","background-size":"auto","background-attachment":"scroll","background-type":"","background-media":"","overlay-type":"","overlay-color":"","overlay-opacity":"","overlay-gradient":""}},"footnotes":""},"class_list":["post-2634","page","type-page","status-publish","hentry"],"yoast_head":"<!-- This site is optimized with the Yoast SEO plugin v27.4 - https:\/\/yoast.com\/product\/yoast-seo-wordpress\/ -->\n<title>Pol\u00edtica de privacidad - Dia Libre<\/title>\n<meta name=\"robots\" content=\"index, follow, max-snippet:-1, max-image-preview:large, max-video-preview:-1\" \/>\n<link rel=\"canonical\" href=\"https:\/\/dialibre.com\/en\/politica-de-privacidad\/\" \/>\n<meta property=\"og:locale\" content=\"en_US\" \/>\n<meta property=\"og:type\" content=\"article\" \/>\n<meta property=\"og:title\" content=\"Pol\u00edtica de privacidad - Dia Libre\" \/>\n<meta property=\"og:description\" content=\"Pol\u00edtica de privacidad 1. INFORMACI\u00d3N AL USUARIO \u00bfQui\u00e9n es el responsable del tratamiento de tus datos personales? DIA LIBRE VIAJES SL es el RESPONSABLE del tratamiento de los datos personales del USUARIO y le informa de que estos datos ser\u00e1n tratados de conformidad con lo dispuesto en el Reglamento (UE) 2016\/679, de 27 de abril [&hellip;]\" \/>\n<meta property=\"og:url\" content=\"https:\/\/dialibre.com\/en\/politica-de-privacidad\/\" \/>\n<meta property=\"og:site_name\" content=\"Dia Libre\" \/>\n<meta property=\"article:publisher\" content=\"https:\/\/www.facebook.com\/dialibreviajes\" \/>\n<meta property=\"article:modified_time\" content=\"2023-11-05T16:46:32+00:00\" \/>\n<meta property=\"og:image\" content=\"https:\/\/dialibre.com\/wp-content\/uploads\/2023\/10\/Logo-Nuevo-fondos-claros.png\" \/>\n\t<meta property=\"og:image:width\" content=\"664\" \/>\n\t<meta property=\"og:image:height\" content=\"325\" \/>\n\t<meta property=\"og:image:type\" content=\"image\/png\" \/>\n<meta name=\"twitter:card\" content=\"summary_large_image\" \/>\n<meta name=\"twitter:site\" content=\"@dialibreviajes\" \/>\n<meta name=\"twitter:label1\" content=\"Est. reading time\" \/>\n\t<meta name=\"twitter:data1\" content=\"5 minutes\" \/>\n<script type=\"application\/ld+json\" class=\"yoast-schema-graph\">{\"@context\":\"https:\\\/\\\/schema.org\",\"@graph\":[{\"@type\":\"WebPage\",\"@id\":\"https:\\\/\\\/dialibre.com\\\/politica-de-privacidad\\\/\",\"url\":\"https:\\\/\\\/dialibre.com\\\/politica-de-privacidad\\\/\",\"name\":\"Pol\u00edtica de privacidad - Dia Libre\",\"isPartOf\":{\"@id\":\"https:\\\/\\\/dialibre.com\\\/#website\"},\"datePublished\":\"2023-05-24T17:36:06+00:00\",\"dateModified\":\"2023-11-05T16:46:32+00:00\",\"breadcrumb\":{\"@id\":\"https:\\\/\\\/dialibre.com\\\/politica-de-privacidad\\\/#breadcrumb\"},\"inLanguage\":\"en-US\",\"potentialAction\":[{\"@type\":\"ReadAction\",\"target\":[\"https:\\\/\\\/dialibre.com\\\/politica-de-privacidad\\\/\"]}]},{\"@type\":\"BreadcrumbList\",\"@id\":\"https:\\\/\\\/dialibre.com\\\/politica-de-privacidad\\\/#breadcrumb\",\"itemListElement\":[{\"@type\":\"ListItem\",\"position\":1,\"name\":\"Inicio\",\"item\":\"https:\\\/\\\/dialibre.com\\\/\"},{\"@type\":\"ListItem\",\"position\":2,\"name\":\"Privacy policy\"}]},{\"@type\":\"WebSite\",\"@id\":\"https:\\\/\\\/dialibre.com\\\/#website\",\"url\":\"https:\\\/\\\/dialibre.com\\\/\",\"name\":\"Dia Libre Viajes\",\"description\":\"La excelencia en los peque\u00f1os detalles\",\"publisher\":{\"@id\":\"https:\\\/\\\/dialibre.com\\\/#organization\"},\"alternateName\":\"Dia Libre\",\"potentialAction\":[{\"@type\":\"SearchAction\",\"target\":{\"@type\":\"EntryPoint\",\"urlTemplate\":\"https:\\\/\\\/dialibre.com\\\/?s={search_term_string}\"},\"query-input\":{\"@type\":\"PropertyValueSpecification\",\"valueRequired\":true,\"valueName\":\"search_term_string\"}}],\"inLanguage\":\"en-US\"},{\"@type\":\"Organization\",\"@id\":\"https:\\\/\\\/dialibre.com\\\/#organization\",\"name\":\"Dia Libre Viajes\",\"alternateName\":\"Dia Libre\",\"url\":\"https:\\\/\\\/dialibre.com\\\/\",\"logo\":{\"@type\":\"ImageObject\",\"inLanguage\":\"en-US\",\"@id\":\"https:\\\/\\\/dialibre.com\\\/#\\\/schema\\\/logo\\\/image\\\/\",\"url\":\"https:\\\/\\\/dialibre.com\\\/wp-content\\\/uploads\\\/2023\\\/10\\\/Logo-Nuevo-fondos-claros.png\",\"contentUrl\":\"https:\\\/\\\/dialibre.com\\\/wp-content\\\/uploads\\\/2023\\\/10\\\/Logo-Nuevo-fondos-claros.png\",\"width\":664,\"height\":325,\"caption\":\"Dia Libre Viajes\"},\"image\":{\"@id\":\"https:\\\/\\\/dialibre.com\\\/#\\\/schema\\\/logo\\\/image\\\/\"},\"sameAs\":[\"https:\\\/\\\/www.facebook.com\\\/dialibreviajes\",\"https:\\\/\\\/x.com\\\/dialibreviajes\",\"https:\\\/\\\/www.instagram.com\\\/dialibreviajes\\\/\",\"https:\\\/\\\/www.linkedin.com\\\/company\\\/dia-libre-viajes\"]}]}<\/script>\n<!-- \/ Yoast SEO plugin. -->","yoast_head_json":{"title":"Pol\u00edtica de privacidad - Dia Libre","robots":{"index":"index","follow":"follow","max-snippet":"max-snippet:-1","max-image-preview":"max-image-preview:large","max-video-preview":"max-video-preview:-1"},"canonical":"https:\/\/dialibre.com\/en\/politica-de-privacidad\/","og_locale":"en_US","og_type":"article","og_title":"Pol\u00edtica de privacidad - Dia Libre","og_description":"Pol\u00edtica de privacidad 1. INFORMACI\u00d3N AL USUARIO \u00bfQui\u00e9n es el responsable del tratamiento de tus datos personales? DIA LIBRE VIAJES SL es el RESPONSABLE del tratamiento de los datos personales del USUARIO y le informa de que estos datos ser\u00e1n tratados de conformidad con lo dispuesto en el Reglamento (UE) 2016\/679, de 27 de abril [&hellip;]","og_url":"https:\/\/dialibre.com\/en\/politica-de-privacidad\/","og_site_name":"Dia Libre","article_publisher":"https:\/\/www.facebook.com\/dialibreviajes","article_modified_time":"2023-11-05T16:46:32+00:00","og_image":[{"width":664,"height":325,"url":"https:\/\/dialibre.com\/wp-content\/uploads\/2023\/10\/Logo-Nuevo-fondos-claros.png","type":"image\/png"}],"twitter_card":"summary_large_image","twitter_site":"@dialibreviajes","twitter_misc":{"Est. reading time":"5 minutes"},"schema":{"@context":"https:\/\/schema.org","@graph":[{"@type":"WebPage","@id":"https:\/\/dialibre.com\/politica-de-privacidad\/","url":"https:\/\/dialibre.com\/politica-de-privacidad\/","name":"Pol\u00edtica de privacidad - Dia Libre","isPartOf":{"@id":"https:\/\/dialibre.com\/#website"},"datePublished":"2023-05-24T17:36:06+00:00","dateModified":"2023-11-05T16:46:32+00:00","breadcrumb":{"@id":"https:\/\/dialibre.com\/politica-de-privacidad\/#breadcrumb"},"inLanguage":"en-US","potentialAction":[{"@type":"ReadAction","target":["https:\/\/dialibre.com\/politica-de-privacidad\/"]}]},{"@type":"BreadcrumbList","@id":"https:\/\/dialibre.com\/politica-de-privacidad\/#breadcrumb","itemListElement":[{"@type":"ListItem","position":1,"name":"Inicio","item":"https:\/\/dialibre.com\/"},{"@type":"ListItem","position":2,"name":"Privacy policy"}]},{"@type":"WebSite","@id":"https:\/\/dialibre.com\/#website","url":"https:\/\/dialibre.com\/","name":"Dia Libre Viajes","description":"La excelencia en los peque\u00f1os detalles","publisher":{"@id":"https:\/\/dialibre.com\/#organization"},"alternateName":"Dia Libre","potentialAction":[{"@type":"SearchAction","target":{"@type":"EntryPoint","urlTemplate":"https:\/\/dialibre.com\/?s={search_term_string}"},"query-input":{"@type":"PropertyValueSpecification","valueRequired":true,"valueName":"search_term_string"}}],"inLanguage":"en-US"},{"@type":"Organization","@id":"https:\/\/dialibre.com\/#organization","name":"Dia Libre Viajes","alternateName":"Dia Libre","url":"https:\/\/dialibre.com\/","logo":{"@type":"ImageObject","inLanguage":"en-US","@id":"https:\/\/dialibre.com\/#\/schema\/logo\/image\/","url":"https:\/\/dialibre.com\/wp-content\/uploads\/2023\/10\/Logo-Nuevo-fondos-claros.png","contentUrl":"https:\/\/dialibre.com\/wp-content\/uploads\/2023\/10\/Logo-Nuevo-fondos-claros.png","width":664,"height":325,"caption":"Dia Libre Viajes"},"image":{"@id":"https:\/\/dialibre.com\/#\/schema\/logo\/image\/"},"sameAs":["https:\/\/www.facebook.com\/dialibreviajes","https:\/\/x.com\/dialibreviajes","https:\/\/www.instagram.com\/dialibreviajes\/","https:\/\/www.linkedin.com\/company\/dia-libre-viajes"]}]}},"_links":{"self":[{"href":"https:\/\/dialibre.com\/en\/wp-json\/wp\/v2\/pages\/2634","targetHints":{"allow":["GET"]}}],"collection":[{"href":"https:\/\/dialibre.com\/en\/wp-json\/wp\/v2\/pages"}],"about":[{"href":"https:\/\/dialibre.com\/en\/wp-json\/wp\/v2\/types\/page"}],"author":[{"embeddable":true,"href":"https:\/\/dialibre.com\/en\/wp-json\/wp\/v2\/users\/1"}],"replies":[{"embeddable":true,"href":"https:\/\/dialibre.com\/en\/wp-json\/wp\/v2\/comments?post=2634"}],"version-history":[{"count":1,"href":"https:\/\/dialibre.com\/en\/wp-json\/wp\/v2\/pages\/2634\/revisions"}],"predecessor-version":[{"id":12950,"href":"https:\/\/dialibre.com\/en\/wp-json\/wp\/v2\/pages\/2634\/revisions\/12950"}],"wp:attachment":[{"href":"https:\/\/dialibre.com\/en\/wp-json\/wp\/v2\/media?parent=2634"}],"curies":[{"name":"wp","href":"https:\/\/api.w.org\/{rel}","templated":true}]}}