{"id":2659,"date":"2023-05-24T15:17:27","date_gmt":"2023-05-24T18:17:27","guid":{"rendered":"https:\/\/dialibre.com\/?page_id=2659"},"modified":"2023-11-05T13:45:56","modified_gmt":"2023-11-05T16:45:56","slug":"aviso-legal","status":"publish","type":"page","link":"https:\/\/dialibre.com\/en\/aviso-legal\/","title":{"rendered":"Aviso legal"},"content":{"rendered":"<div data-elementor-type=\"wp-page\" data-elementor-id=\"2659\" class=\"elementor elementor-2659\" data-elementor-post-type=\"page\">\n\t\t\t\t\t\t<section class=\"elementor-section elementor-top-section elementor-element elementor-element-4eb61a4 elementor-section-height-min-height elementor-section-boxed elementor-section-height-default elementor-section-items-middle\" data-id=\"4eb61a4\" data-element_type=\"section\" data-e-type=\"section\" data-settings=\"{&quot;background_background&quot;:&quot;classic&quot;}\">\n\t\t\t\t\t\t<div class=\"elementor-container elementor-column-gap-default\">\n\t\t\t\t\t<div class=\"elementor-column elementor-col-100 elementor-top-column elementor-element elementor-element-d661e76\" data-id=\"d661e76\" data-element_type=\"column\" data-e-type=\"column\">\n\t\t\t<div class=\"elementor-widget-wrap elementor-element-populated\">\n\t\t\t\t\t\t<div class=\"elementor-element elementor-element-1e7a929 elementor-widget elementor-widget-spacer\" data-id=\"1e7a929\" data-element_type=\"widget\" data-e-type=\"widget\" data-widget_type=\"spacer.default\">\n\t\t\t\t<div class=\"elementor-widget-container\">\n\t\t\t\t\t\t\t<div class=\"elementor-spacer\">\n\t\t\t<div class=\"elementor-spacer-inner\"><\/div>\n\t\t<\/div>\n\t\t\t\t\t\t<\/div>\n\t\t\t\t<\/div>\n\t\t\t\t<div class=\"elementor-element elementor-element-9f05483 elementor-widget elementor-widget-heading\" data-id=\"9f05483\" data-element_type=\"widget\" data-e-type=\"widget\" data-widget_type=\"heading.default\">\n\t\t\t\t<div class=\"elementor-widget-container\">\n\t\t\t\t\t<h2 class=\"elementor-heading-title elementor-size-default\">Aviso <ins>Legal\n<\/h2>\t\t\t\t<\/div>\n\t\t\t\t<\/div>\n\t\t\t\t<div class=\"elementor-element elementor-element-44d145d elementor-widget elementor-widget-html\" data-id=\"44d145d\" data-element_type=\"widget\" data-e-type=\"widget\" data-widget_type=\"html.default\">\n\t\t\t\t<div class=\"elementor-widget-container\">\n\t\t\t\t\t<style>\r\n   .site-header {\r\n      display: none !important;\r\n   }\r\n<\/style>\t\t\t\t<\/div>\n\t\t\t\t<\/div>\n\t\t\t\t<div class=\"elementor-element elementor-element-5966162 elementor-widget elementor-widget-text-editor\" data-id=\"5966162\" data-element_type=\"widget\" data-e-type=\"widget\" data-widget_type=\"text-editor.default\">\n\t\t\t\t<div class=\"elementor-widget-container\">\n\t\t\t\t\t\t\t\t\t<p style=\"color: #4c4c4c; text-align: center;\"><strong>LEY DE LOS SERVICIOS DE LA SOCIEDAD DE LA INFORMACI\u00d3N (LSSI)<\/strong><\/p>\nDIA LIBRE VIAJES SL, responsable del sitio web, en adelante RESPONSABLE, pone a disposici\u00f3n de\nlos usuarios el presente documento, con el que pretende dar cumplimiento a las obligaciones\ndispuestas en la Ley 34\/2002, de 11 de julio, de Servicios de la Sociedad de la Informaci\u00f3n y de\nComercio Electr\u00f3nico (LSSICE), BOE N.\u00ba 166, as\u00ed como informar a todos los usuarios del sitio web\nrespecto a cu\u00e1les son las condiciones de uso.\nToda persona que acceda a este sitio web asume el papel de usuario, comprometi\u00e9ndose a la\nobservancia y cumplimiento riguroso de las disposiciones aqu\u00ed dispuestas, as\u00ed como a cualquier otra\ndisposici\u00f3n legal que fuera de aplicaci\u00f3n.\nDIA LIBRE VIAJES SL se reserva el derecho de modificar cualquier tipo de informaci\u00f3n que pudiera\naparecer en el sitio web, sin que exista obligaci\u00f3n de preavisar o poner en conocimiento de los\nusuarios dichas obligaciones, entendi\u00e9ndose como suficiente la publicaci\u00f3n en el sitio web de DIA\nLIBRE VIAJES SL.\n<p style=\"color: #4c4c4c; margin-top: 20px;\"><strong>1. DATOS IDENTIFICATIVOS<\/strong><\/p>\nNombre de dominio: <a style=\"color:#ff7900\"href=\"https:\/\/dialibre.com\/en\/\">www.dialibre.com<\/a>\nNombre comercial:\nDenominaci\u00f3n social: DIA LIBRE VIAJES SL\nNIF: B82857749\nDomicilio social: AVENIDA MENENDEZ PELAYO , 67 &#8211; LOCALES 2 Y 3, 67 28009 MADRID (Madrid)\nTel\u00e9fono: 609014801\nE-mail: lopd@dialibre.com\nEntidad inscrita en el Registro Mercantil de Madrid, al Tomo 16125, Libro 0, Folio 155, Secci\u00f3n 8, Hoja\nn\u00famero M-273133, inscripci\u00f3n 2.\n<p style=\"color: #4c4c4c; margin-top: 20px;\"><strong>2. DERECHOS DE PROPIEDAD INTELECTUAL E INDUSTRIAL<\/strong><\/p>\nEl sitio web, incluyendo a t\u00edtulo enunciativo pero no limitativo su programaci\u00f3n, edici\u00f3n, compilaci\u00f3n y\ndem\u00e1s elementos necesarios para su funcionamiento, los dise\u00f1os, logotipos, texto y\/o gr\u00e1ficos, son\npropiedad del RESPONSABLE o, si es el caso, dispone de licencia o autorizaci\u00f3n expresa por parte de\nlos autores. Todos los contenidos del sitio web se encuentran debidamente protegidos por la normativa\nde propiedad intelectual e industrial, as\u00ed como inscritos en los registros p\u00fablicos correspondientes.\nIndependientemente de la finalidad para la que fueran destinados, la reproducci\u00f3n total o parcial, uso,\nexplotaci\u00f3n, distribuci\u00f3n y comercializaci\u00f3n, requiere en todo caso la autorizaci\u00f3n escrita previa por\nparte del RESPONSABLE. Cualquier uso no autorizado previamente se considera un incumplimiento\ngrave de los derechos de propiedad intelectual o industrial del autor.\nLos dise\u00f1os, logotipos, texto y\/o gr\u00e1ficos ajenos al RESPONSABLE y que pudieran aparecer en el sitio\nweb, pertenecen a sus respectivos propietarios, siendo ellos mismos responsables de cualquier posible\ncontroversia que pudiera suscitarse respecto a los mismos. El RESPONSABLE autoriza expresamente\na que terceros puedan redirigir directamente a los contenidos concretos del sitio web, y en todo caso\nredirigir al sitio web principal de <a style=\"color:#ff7900\"href=\"https:\/\/dialibre.com\/en\/\">www.dialibre.com<\/a>.\nEl RESPONSABLE reconoce a favor de sus titulares los correspondientes derechos de propiedad\nintelectual e industrial, no implicando su sola menci\u00f3n o aparici\u00f3n en el sitio web la existencia de\nderechos o responsabilidad alguna sobre los mismos, como tampoco respaldo, patrocinio o\nrecomendaci\u00f3n por parte del mismo.\nPara realizar cualquier tipo de observaci\u00f3n respecto a posibles incumplimientos de los derechos de\npropiedad intelectual o industrial, as\u00ed como sobre cualquiera de los contenidos del sitio web, puede\nhacerlo a trav\u00e9s del correo electr\u00f3nico lopd@dialibre.com.\n<p style=\"color: #4c4c4c; margin-top: 20px;\"><strong>3. EXENCI\u00d3N DE RESPONSABILIDADES<\/strong><\/p>\nEl RESPONSABLE se exime de cualquier tipo de responsabilidad derivada de la informaci\u00f3n publicada\nen su sitio web siempre que no tenga conocimiento efectivo de que esta informaci\u00f3n haya sido\nmanipulada o introducida por un tercero ajeno al mismo o, si lo tiene, haya actuado con diligencia para\nretirar los datos o hacer imposible el acceso a ellos.\n<strong>Uso de Cookies<\/strong>\nEste sitio web puede utilizar cookies t\u00e9cnicas (peque\u00f1os archivos de informaci\u00f3n que el servidor env\u00eda\nal ordenador de quien accede a la p\u00e1gina) para llevar a cabo determinadas funciones que son\nconsideradas imprescindibles para el correcto funcionamiento y visualizaci\u00f3n del sitio. Las cookies\nutilizadas tienen, en todo caso, car\u00e1cter temporal, con la \u00fanica finalidad de hacer m\u00e1s eficaz la\nnavegaci\u00f3n, y desaparecen al terminar la sesi\u00f3n del usuario. En ning\u00fan caso, estas cookies\nproporcionan por s\u00ed mismas datos de car\u00e1cter personal y no se utilizar\u00e1n para la recogida de los\nmismos.\nMediante el uso de cookies tambi\u00e9n es posible que el servidor donde se encuentra la web reconozca el\nnavegador utilizado por el usuario con la finalidad de que la navegaci\u00f3n sea m\u00e1s sencilla, permitiendo,\npor ejemplo, el acceso de los usuarios que se hayan registrado previamente a las \u00e1reas, servicios,\npromociones o concursos reservados exclusivamente a ellos sin tener que registrarse en cada visita.\nTambi\u00e9n se pueden utilizar para medir la audiencia, par\u00e1metros de tr\u00e1fico, controlar el progreso y\nn\u00famero de entradas, etc., siendo en estos casos cookies prescindibles t\u00e9cnicamente, pero\nbeneficiosas para el usuario. Este sitio web no instalar\u00e1 cookies prescindibles sin el consentimiento\nprevio del usuario.\nEl usuario tiene la posibilidad de configurar su navegador para ser alertado de la recepci\u00f3n de cookies\ny para impedir su instalaci\u00f3n en su equipo. Por favor, consulte las instrucciones de su navegador para\nampliar esta informaci\u00f3n.\n<strong>Pol\u00edtica de enlaces<\/strong>\nDesde el sitio web, es posible que se redirija a contenidos de terceros sitios web. Dado que el\nRESPONSABLE no puede controlar siempre los contenidos introducidos por terceros en sus\nrespectivos sitios web, no asume ning\u00fan tipo de responsabilidad respecto a dichos contenidos. En todo\ncaso, proceder\u00e1 a la retirada inmediata de cualquier contenido que pudiera contravenir la legislaci\u00f3n\nnacional o internacional, la moral o el orden p\u00fablico, procediendo a la retirada inmediata de la\nredirecci\u00f3n a dicho sitio web, poniendo en conocimiento de las autoridades competentes el contenido\nen cuesti\u00f3n.\nEl RESPONSABLE no se hace responsable de la informaci\u00f3n y contenidos almacenados, a t\u00edtulo\nenunciativo pero no limitativo, en foros, chats, generadores de blogs, comentarios, redes sociales o\ncualquier otro medio que permita a terceros publicar contenidos de forma independiente en la p\u00e1gina\nweb del RESPONSABLE. Sin embargo, y en cumplimiento de lo dispuesto en los art\u00edculos 11 y 16 de\nla LSSICE, se pone a disposici\u00f3n de todos los usuarios, autoridades y fuerzas de seguridad,\ncolaborando de forma activa en la retirada o, en su caso, bloqueo de todos aquellos contenidos que\npuedan afectar o contravenir la legislaci\u00f3n nacional o internacional, los derechos de terceros o la moral\ny el orden p\u00fablico. En caso de que el usuario considere que existe en el sitio web alg\u00fan contenido que\npudiera ser susceptible de esta clasificaci\u00f3n, se ruega lo notifique de forma inmediata al administrador\ndel sitio web.\nEste sitio web se ha revisado y probado para que funcione correctamente. En principio, puede\ngarantizarse el correcto funcionamiento los 365 d\u00edas del a\u00f1o, 24 horas al d\u00eda. Sin embargo, el\nRESPONSABLE no descarta la posibilidad de que existan ciertos errores de programaci\u00f3n, o que\nacontezcan causas de fuerza mayor, cat\u00e1strofes naturales, huelgas o circunstancias semejantes que\nhagan imposible el acceso a la p\u00e1gina web.\n<strong>Direcciones IP<\/strong>\nLos servidores del sitio web podr\u00e1n detectar de manera autom\u00e1tica la direcci\u00f3n IP y el nombre de\ndominio utilizados por el usuario. Una direcci\u00f3n IP es un n\u00famero asignado autom\u00e1ticamente a un\nordenador cuando este se conecta a Internet. Toda esta informaci\u00f3n se registra en un fichero de\nactividad del servidor que permite el posterior procesamiento de los datos con el fin de obtener\nmediciones \u00fanicamente estad\u00edsticas que permitan conocer el n\u00famero de impresiones de p\u00e1ginas, el\nn\u00famero de visitas realizadas a los servidores web, el orden de visitas, el punto de acceso, etc.\n<p style=\"color: #4c4c4c; margin-top: 20px;\"><strong>4. LEY APLICABLE Y JURISDICCI\u00d3N<\/strong><\/p>\nPara la resoluci\u00f3n de todas las controversias o cuestiones relacionadas con el presente sitio web o de\nlas actividades en \u00e9l desarrolladas, ser\u00e1 de aplicaci\u00f3n la legislaci\u00f3n espa\u00f1ola, a la que se someten\nexpresamente las partes, siendo competentes para la resoluci\u00f3n de todos los conflictos derivados o\nrelacionados con su uso los Juzgados y Tribunales del domicilio del USUARIO o el lugar del\ncumplimiento de la obligaci\u00f3n.\t\t\t\t\t\t\t\t<\/div>\n\t\t\t\t<\/div>\n\t\t\t\t<div class=\"elementor-element elementor-element-ae11caf elementor-widget elementor-widget-spacer\" data-id=\"ae11caf\" data-element_type=\"widget\" data-e-type=\"widget\" data-widget_type=\"spacer.default\">\n\t\t\t\t<div class=\"elementor-widget-container\">\n\t\t\t\t\t\t\t<div class=\"elementor-spacer\">\n\t\t\t<div class=\"elementor-spacer-inner\"><\/div>\n\t\t<\/div>\n\t\t\t\t\t\t<\/div>\n\t\t\t\t<\/div>\n\t\t\t\t<div class=\"elementor-element elementor-element-ee4f704 elementor-align-center elementor-widget elementor-widget-button\" data-id=\"ee4f704\" data-element_type=\"widget\" data-e-type=\"widget\" data-widget_type=\"button.default\">\n\t\t\t\t<div class=\"elementor-widget-container\">\n\t\t\t\t\t\t\t\t\t<div class=\"elementor-button-wrapper\">\n\t\t\t\t\t<a class=\"elementor-button elementor-button-link elementor-size-lg\" href=\"http:\/\/dialibre.com\/en\/\">\n\t\t\t\t\t\t<span class=\"elementor-button-content-wrapper\">\n\t\t\t\t\t\t\t\t\t<span class=\"elementor-button-text\">BACK TO HOME<\/span>\n\t\t\t\t\t<\/span>\n\t\t\t\t\t<\/a>\n\t\t\t\t<\/div>\n\t\t\t\t\t\t\t\t<\/div>\n\t\t\t\t<\/div>\n\t\t\t\t<div class=\"elementor-element elementor-element-24d4041 elementor-widget elementor-widget-spacer\" data-id=\"24d4041\" data-element_type=\"widget\" data-e-type=\"widget\" data-widget_type=\"spacer.default\">\n\t\t\t\t<div class=\"elementor-widget-container\">\n\t\t\t\t\t\t\t<div class=\"elementor-spacer\">\n\t\t\t<div class=\"elementor-spacer-inner\"><\/div>\n\t\t<\/div>\n\t\t\t\t\t\t<\/div>\n\t\t\t\t<\/div>\n\t\t\t\t\t<\/div>\n\t\t<\/div>\n\t\t\t\t\t<\/div>\n\t\t<\/section>\n\t\t\t\t<\/div>","protected":false},"excerpt":{"rendered":"<p>Aviso Legal LEY DE LOS SERVICIOS DE LA SOCIEDAD DE LA INFORMACI\u00d3N (LSSI) DIA LIBRE VIAJES SL, responsable del sitio web, en adelante RESPONSABLE, pone a disposici\u00f3n de los usuarios el presente documento, con el que pretende dar cumplimiento a las obligaciones dispuestas en la Ley 34\/2002, de 11 de julio, de Servicios de la [&hellip;]<\/p>\n","protected":false},"author":1,"featured_media":0,"parent":0,"menu_order":0,"comment_status":"closed","ping_status":"closed","template":"","meta":{"site-sidebar-layout":"no-sidebar","site-content-layout":"page-builder","ast-site-content-layout":"full-width-container","site-content-style":"unboxed","site-sidebar-style":"unboxed","ast-global-header-display":"","ast-banner-title-visibility":"","ast-main-header-display":"","ast-hfb-above-header-display":"","ast-hfb-below-header-display":"","ast-hfb-mobile-header-display":"","site-post-title":"disabled","ast-breadcrumbs-content":"","ast-featured-img":"disabled","footer-sml-layout":"","ast-disable-related-posts":"","theme-transparent-header-meta":"","adv-header-id-meta":"","stick-header-meta":"","header-above-stick-meta":"","header-main-stick-meta":"","header-below-stick-meta":"","astra-migrate-meta-layouts":"set","ast-page-background-enabled":"default","ast-page-background-meta":{"desktop":{"background-color":"var(--ast-global-color-4)","background-image":"","background-repeat":"repeat","background-position":"center center","background-size":"auto","background-attachment":"scroll","background-type":"","background-media":"","overlay-type":"","overlay-color":"","overlay-opacity":"","overlay-gradient":""},"tablet":{"background-color":"","background-image":"","background-repeat":"repeat","background-position":"center center","background-size":"auto","background-attachment":"scroll","background-type":"","background-media":"","overlay-type":"","overlay-color":"","overlay-opacity":"","overlay-gradient":""},"mobile":{"background-color":"","background-image":"","background-repeat":"repeat","background-position":"center center","background-size":"auto","background-attachment":"scroll","background-type":"","background-media":"","overlay-type":"","overlay-color":"","overlay-opacity":"","overlay-gradient":""}},"ast-content-background-meta":{"desktop":{"background-color":"var(--ast-global-color-5)","background-image":"","background-repeat":"repeat","background-position":"center center","background-size":"auto","background-attachment":"scroll","background-type":"","background-media":"","overlay-type":"","overlay-color":"","overlay-opacity":"","overlay-gradient":""},"tablet":{"background-color":"var(--ast-global-color-5)","background-image":"","background-repeat":"repeat","background-position":"center center","background-size":"auto","background-attachment":"scroll","background-type":"","background-media":"","overlay-type":"","overlay-color":"","overlay-opacity":"","overlay-gradient":""},"mobile":{"background-color":"var(--ast-global-color-5)","background-image":"","background-repeat":"repeat","background-position":"center center","background-size":"auto","background-attachment":"scroll","background-type":"","background-media":"","overlay-type":"","overlay-color":"","overlay-opacity":"","overlay-gradient":""}},"footnotes":""},"class_list":["post-2659","page","type-page","status-publish","hentry"],"yoast_head":"<!-- This site is optimized with the Yoast SEO plugin v27.4 - https:\/\/yoast.com\/product\/yoast-seo-wordpress\/ -->\n<title>Aviso legal - Dia Libre<\/title>\n<meta name=\"robots\" content=\"index, follow, max-snippet:-1, max-image-preview:large, max-video-preview:-1\" \/>\n<link rel=\"canonical\" href=\"https:\/\/dialibre.com\/en\/aviso-legal\/\" \/>\n<meta property=\"og:locale\" content=\"en_US\" \/>\n<meta property=\"og:type\" content=\"article\" \/>\n<meta property=\"og:title\" content=\"Aviso legal - Dia Libre\" \/>\n<meta property=\"og:description\" content=\"Aviso Legal LEY DE LOS SERVICIOS DE LA SOCIEDAD DE LA INFORMACI\u00d3N (LSSI) DIA LIBRE VIAJES SL, responsable del sitio web, en adelante RESPONSABLE, pone a disposici\u00f3n de los usuarios el presente documento, con el que pretende dar cumplimiento a las obligaciones dispuestas en la Ley 34\/2002, de 11 de julio, de Servicios de la [&hellip;]\" \/>\n<meta property=\"og:url\" content=\"https:\/\/dialibre.com\/en\/aviso-legal\/\" \/>\n<meta property=\"og:site_name\" content=\"Dia Libre\" \/>\n<meta property=\"article:publisher\" content=\"https:\/\/www.facebook.com\/dialibreviajes\" \/>\n<meta property=\"article:modified_time\" content=\"2023-11-05T16:45:56+00:00\" \/>\n<meta property=\"og:image\" content=\"https:\/\/dialibre.com\/wp-content\/uploads\/2023\/10\/Logo-Nuevo-fondos-claros.png\" \/>\n\t<meta property=\"og:image:width\" content=\"664\" \/>\n\t<meta property=\"og:image:height\" content=\"325\" \/>\n\t<meta property=\"og:image:type\" content=\"image\/png\" \/>\n<meta name=\"twitter:card\" content=\"summary_large_image\" \/>\n<meta name=\"twitter:site\" content=\"@dialibreviajes\" \/>\n<meta name=\"twitter:label1\" content=\"Est. reading time\" \/>\n\t<meta name=\"twitter:data1\" content=\"7 minutes\" \/>\n<script type=\"application\/ld+json\" class=\"yoast-schema-graph\">{\"@context\":\"https:\\\/\\\/schema.org\",\"@graph\":[{\"@type\":\"WebPage\",\"@id\":\"https:\\\/\\\/dialibre.com\\\/aviso-legal\\\/\",\"url\":\"https:\\\/\\\/dialibre.com\\\/aviso-legal\\\/\",\"name\":\"Aviso legal - Dia Libre\",\"isPartOf\":{\"@id\":\"https:\\\/\\\/dialibre.com\\\/#website\"},\"datePublished\":\"2023-05-24T18:17:27+00:00\",\"dateModified\":\"2023-11-05T16:45:56+00:00\",\"breadcrumb\":{\"@id\":\"https:\\\/\\\/dialibre.com\\\/aviso-legal\\\/#breadcrumb\"},\"inLanguage\":\"en-US\",\"potentialAction\":[{\"@type\":\"ReadAction\",\"target\":[\"https:\\\/\\\/dialibre.com\\\/aviso-legal\\\/\"]}]},{\"@type\":\"BreadcrumbList\",\"@id\":\"https:\\\/\\\/dialibre.com\\\/aviso-legal\\\/#breadcrumb\",\"itemListElement\":[{\"@type\":\"ListItem\",\"position\":1,\"name\":\"Inicio\",\"item\":\"https:\\\/\\\/dialibre.com\\\/\"},{\"@type\":\"ListItem\",\"position\":2,\"name\":\"Aviso legal\"}]},{\"@type\":\"WebSite\",\"@id\":\"https:\\\/\\\/dialibre.com\\\/#website\",\"url\":\"https:\\\/\\\/dialibre.com\\\/\",\"name\":\"Dia Libre Viajes\",\"description\":\"La excelencia en los peque\u00f1os detalles\",\"publisher\":{\"@id\":\"https:\\\/\\\/dialibre.com\\\/#organization\"},\"alternateName\":\"Dia Libre\",\"potentialAction\":[{\"@type\":\"SearchAction\",\"target\":{\"@type\":\"EntryPoint\",\"urlTemplate\":\"https:\\\/\\\/dialibre.com\\\/?s={search_term_string}\"},\"query-input\":{\"@type\":\"PropertyValueSpecification\",\"valueRequired\":true,\"valueName\":\"search_term_string\"}}],\"inLanguage\":\"en-US\"},{\"@type\":\"Organization\",\"@id\":\"https:\\\/\\\/dialibre.com\\\/#organization\",\"name\":\"Dia Libre Viajes\",\"alternateName\":\"Dia Libre\",\"url\":\"https:\\\/\\\/dialibre.com\\\/\",\"logo\":{\"@type\":\"ImageObject\",\"inLanguage\":\"en-US\",\"@id\":\"https:\\\/\\\/dialibre.com\\\/#\\\/schema\\\/logo\\\/image\\\/\",\"url\":\"https:\\\/\\\/dialibre.com\\\/wp-content\\\/uploads\\\/2023\\\/10\\\/Logo-Nuevo-fondos-claros.png\",\"contentUrl\":\"https:\\\/\\\/dialibre.com\\\/wp-content\\\/uploads\\\/2023\\\/10\\\/Logo-Nuevo-fondos-claros.png\",\"width\":664,\"height\":325,\"caption\":\"Dia Libre Viajes\"},\"image\":{\"@id\":\"https:\\\/\\\/dialibre.com\\\/#\\\/schema\\\/logo\\\/image\\\/\"},\"sameAs\":[\"https:\\\/\\\/www.facebook.com\\\/dialibreviajes\",\"https:\\\/\\\/x.com\\\/dialibreviajes\",\"https:\\\/\\\/www.instagram.com\\\/dialibreviajes\\\/\",\"https:\\\/\\\/www.linkedin.com\\\/company\\\/dia-libre-viajes\"]}]}<\/script>\n<!-- \/ Yoast SEO plugin. -->","yoast_head_json":{"title":"Aviso legal - Dia Libre","robots":{"index":"index","follow":"follow","max-snippet":"max-snippet:-1","max-image-preview":"max-image-preview:large","max-video-preview":"max-video-preview:-1"},"canonical":"https:\/\/dialibre.com\/en\/aviso-legal\/","og_locale":"en_US","og_type":"article","og_title":"Aviso legal - Dia Libre","og_description":"Aviso Legal LEY DE LOS SERVICIOS DE LA SOCIEDAD DE LA INFORMACI\u00d3N (LSSI) DIA LIBRE VIAJES SL, responsable del sitio web, en adelante RESPONSABLE, pone a disposici\u00f3n de los usuarios el presente documento, con el que pretende dar cumplimiento a las obligaciones dispuestas en la Ley 34\/2002, de 11 de julio, de Servicios de la [&hellip;]","og_url":"https:\/\/dialibre.com\/en\/aviso-legal\/","og_site_name":"Dia Libre","article_publisher":"https:\/\/www.facebook.com\/dialibreviajes","article_modified_time":"2023-11-05T16:45:56+00:00","og_image":[{"width":664,"height":325,"url":"https:\/\/dialibre.com\/wp-content\/uploads\/2023\/10\/Logo-Nuevo-fondos-claros.png","type":"image\/png"}],"twitter_card":"summary_large_image","twitter_site":"@dialibreviajes","twitter_misc":{"Est. reading time":"7 minutes"},"schema":{"@context":"https:\/\/schema.org","@graph":[{"@type":"WebPage","@id":"https:\/\/dialibre.com\/aviso-legal\/","url":"https:\/\/dialibre.com\/aviso-legal\/","name":"Aviso legal - Dia Libre","isPartOf":{"@id":"https:\/\/dialibre.com\/#website"},"datePublished":"2023-05-24T18:17:27+00:00","dateModified":"2023-11-05T16:45:56+00:00","breadcrumb":{"@id":"https:\/\/dialibre.com\/aviso-legal\/#breadcrumb"},"inLanguage":"en-US","potentialAction":[{"@type":"ReadAction","target":["https:\/\/dialibre.com\/aviso-legal\/"]}]},{"@type":"BreadcrumbList","@id":"https:\/\/dialibre.com\/aviso-legal\/#breadcrumb","itemListElement":[{"@type":"ListItem","position":1,"name":"Inicio","item":"https:\/\/dialibre.com\/"},{"@type":"ListItem","position":2,"name":"Aviso legal"}]},{"@type":"WebSite","@id":"https:\/\/dialibre.com\/#website","url":"https:\/\/dialibre.com\/","name":"Dia Libre Viajes","description":"La excelencia en los peque\u00f1os detalles","publisher":{"@id":"https:\/\/dialibre.com\/#organization"},"alternateName":"Dia Libre","potentialAction":[{"@type":"SearchAction","target":{"@type":"EntryPoint","urlTemplate":"https:\/\/dialibre.com\/?s={search_term_string}"},"query-input":{"@type":"PropertyValueSpecification","valueRequired":true,"valueName":"search_term_string"}}],"inLanguage":"en-US"},{"@type":"Organization","@id":"https:\/\/dialibre.com\/#organization","name":"Dia Libre Viajes","alternateName":"Dia Libre","url":"https:\/\/dialibre.com\/","logo":{"@type":"ImageObject","inLanguage":"en-US","@id":"https:\/\/dialibre.com\/#\/schema\/logo\/image\/","url":"https:\/\/dialibre.com\/wp-content\/uploads\/2023\/10\/Logo-Nuevo-fondos-claros.png","contentUrl":"https:\/\/dialibre.com\/wp-content\/uploads\/2023\/10\/Logo-Nuevo-fondos-claros.png","width":664,"height":325,"caption":"Dia Libre Viajes"},"image":{"@id":"https:\/\/dialibre.com\/#\/schema\/logo\/image\/"},"sameAs":["https:\/\/www.facebook.com\/dialibreviajes","https:\/\/x.com\/dialibreviajes","https:\/\/www.instagram.com\/dialibreviajes\/","https:\/\/www.linkedin.com\/company\/dia-libre-viajes"]}]}},"_links":{"self":[{"href":"https:\/\/dialibre.com\/en\/wp-json\/wp\/v2\/pages\/2659","targetHints":{"allow":["GET"]}}],"collection":[{"href":"https:\/\/dialibre.com\/en\/wp-json\/wp\/v2\/pages"}],"about":[{"href":"https:\/\/dialibre.com\/en\/wp-json\/wp\/v2\/types\/page"}],"author":[{"embeddable":true,"href":"https:\/\/dialibre.com\/en\/wp-json\/wp\/v2\/users\/1"}],"replies":[{"embeddable":true,"href":"https:\/\/dialibre.com\/en\/wp-json\/wp\/v2\/comments?post=2659"}],"version-history":[{"count":0,"href":"https:\/\/dialibre.com\/en\/wp-json\/wp\/v2\/pages\/2659\/revisions"}],"wp:attachment":[{"href":"https:\/\/dialibre.com\/en\/wp-json\/wp\/v2\/media?parent=2659"}],"curies":[{"name":"wp","href":"https:\/\/api.w.org\/{rel}","templated":true}]}}