{"id":3164,"date":"2023-06-06T15:08:50","date_gmt":"2023-06-06T18:08:50","guid":{"rendered":"https:\/\/dialibre.com\/?page_id=3164"},"modified":"2023-11-05T13:46:15","modified_gmt":"2023-11-05T16:46:15","slug":"politica-de-cookies","status":"publish","type":"page","link":"https:\/\/dialibre.com\/en\/politica-de-cookies\/","title":{"rendered":"Pol\u00edtica de cookies"},"content":{"rendered":"<div data-elementor-type=\"wp-page\" data-elementor-id=\"3164\" class=\"elementor elementor-3164\" data-elementor-post-type=\"page\">\n\t\t\t\t\t\t<section class=\"elementor-section elementor-top-section elementor-element elementor-element-4eb61a4 elementor-section-height-min-height elementor-section-boxed elementor-section-height-default elementor-section-items-middle\" data-id=\"4eb61a4\" data-element_type=\"section\" data-e-type=\"section\" data-settings=\"{&quot;background_background&quot;:&quot;classic&quot;}\">\n\t\t\t\t\t\t<div class=\"elementor-container elementor-column-gap-default\">\n\t\t\t\t\t<div class=\"elementor-column elementor-col-100 elementor-top-column elementor-element elementor-element-d661e76\" data-id=\"d661e76\" data-element_type=\"column\" data-e-type=\"column\">\n\t\t\t<div class=\"elementor-widget-wrap elementor-element-populated\">\n\t\t\t\t\t\t<div class=\"elementor-element elementor-element-1e7a929 elementor-widget elementor-widget-spacer\" data-id=\"1e7a929\" data-element_type=\"widget\" data-e-type=\"widget\" data-widget_type=\"spacer.default\">\n\t\t\t\t<div class=\"elementor-widget-container\">\n\t\t\t\t\t\t\t<div class=\"elementor-spacer\">\n\t\t\t<div class=\"elementor-spacer-inner\"><\/div>\n\t\t<\/div>\n\t\t\t\t\t\t<\/div>\n\t\t\t\t<\/div>\n\t\t\t\t<div class=\"elementor-element elementor-element-9f05483 elementor-widget elementor-widget-heading\" data-id=\"9f05483\" data-element_type=\"widget\" data-e-type=\"widget\" data-widget_type=\"heading.default\">\n\t\t\t\t<div class=\"elementor-widget-container\">\n\t\t\t\t\t<h2 class=\"elementor-heading-title elementor-size-default\">Pol\u00edtica de <ins>Cookies\n<\/h2>\t\t\t\t<\/div>\n\t\t\t\t<\/div>\n\t\t\t\t<div class=\"elementor-element elementor-element-f45fecc elementor-widget elementor-widget-html\" data-id=\"f45fecc\" data-element_type=\"widget\" data-e-type=\"widget\" data-widget_type=\"html.default\">\n\t\t\t\t<div class=\"elementor-widget-container\">\n\t\t\t\t\t<style>\r\n   .site-header {\r\n      display: none !important;\r\n   }\r\n<\/style>\t\t\t\t<\/div>\n\t\t\t\t<\/div>\n\t\t\t\t<div class=\"elementor-element elementor-element-5966162 elementor-widget elementor-widget-text-editor\" data-id=\"5966162\" data-element_type=\"widget\" data-e-type=\"widget\" data-widget_type=\"text-editor.default\">\n\t\t\t\t<div class=\"elementor-widget-container\">\n\t\t\t\t\t\t\t\t\t<p style=\"color: #4c4c4c; text-align: center;\"><strong>INFORMACI\u00d3N SOBRE COOKIES<\/strong><\/p>\nConforme con la Ley 34\/2002, de 11 de julio, de servicios de la sociedad de la informaci\u00f3n y de comercio electr\u00f3nico\n(LSSI), en relaci\u00f3n con el Reglamento (UE) 2016\/679 del Parlamento Europeo y del Consejo, de 27 de abril de 2016,\nGeneral de Protecci\u00f3n de Datos (GDPR) y la Ley Org\u00e1nica 3\/2018, de 5 de diciembre, de Protecci\u00f3n de Datos y Garant\u00eda\nde los Derechos Digitales (LOPDGDD), es obligado obtener el consentimiento expreso del usuario de todas las p\u00e1ginas\nweb que usan cookies prescindibles, antes de que este navegue por ellas.\n<p style=\"color: #4c4c4c; text-align: center; margin-top: 20px;\"><strong>\u00bfQU\u00c9 SON LAS COOKIES?\n<\/strong><\/p>\nLas cookies y otras tecnolog\u00edas similares tales como local shared objects, flash cookies o p\u00edxeles, son herramientas\nempleadas por los servidores Web para almacenar y recuperar informaci\u00f3n acerca de sus visitantes, as\u00ed como para ofrecer\nun correcto funcionamiento del sitio.\nMediante el uso de estos dispositivos se permite al servidor Web recordar algunos datos concernientes al usuario, como\nsus preferencias para la visualizaci\u00f3n de las p\u00e1ginas de ese servidor, nombre y contrase\u00f1a, productos que m\u00e1s le\ninteresan, etc.\n<p style=\"color: #4c4c4c; text-align: center; margin-top: 20px;\"><strong>COOKIES AFECTADAS POR LA NORMATIVA Y COOKIES EXCEPTUADAS<\/strong><\/p>\nSeg\u00fan la directiva de la UE, las cookies que requieren el consentimiento informado por parte del usuario son las cookies de\nanal\u00edtica y las de publicidad y afiliaci\u00f3n, quedando exceptuadas las de car\u00e1cter t\u00e9cnico y las necesarias para el\nfuncionamiento del sitio web o la prestaci\u00f3n de servicios expresamente solicitados por el usuario.\n<p style=\"color: #4c4c4c; text-align: center; margin-top: 20px;\"><strong>TIPOS DE COOKIES<\/strong><\/p>\n<p style=\"color: #4c4c4c; ; margin-top: 20px;\"><strong>SEG\u00daN LA FINALIDAD<\/strong><\/p>\n<strong>Cookies t\u00e9cnicas y funcionales:<\/strong> son aquellas que permiten al usuario la navegaci\u00f3n a trav\u00e9s de una p\u00e1gina web,\nplataforma o aplicaci\u00f3n y la utilizaci\u00f3n de las diferentes opciones o servicios que en ella existan.\n\n<strong>Cookies anal\u00edticas:<\/strong> son aquellas que permiten al responsable de las mismas el seguimiento y an\u00e1lisis del\ncomportamiento de los usuarios de los sitios web a los que est\u00e1n vinculadas. La informaci\u00f3n recogida mediante\neste tipo de cookies se utiliza en la medici\u00f3n de la actividad de los sitios web, aplicaci\u00f3n o plataforma y para la\nelaboraci\u00f3n de perfiles de navegaci\u00f3n de los usuarios de dichos sitios, aplicaciones y plataformas, con el fin de\nintroducir mejoras en funci\u00f3n del an\u00e1lisis de los datos de uso que hacen los usuarios del servicio.\n<strong>Cookies publicitarias: <\/strong>son aquellas que permiten la gesti\u00f3n, de la forma m\u00e1s eficaz posible, de los espacios\npublicitarios que, en su caso, el editor haya incluido en una p\u00e1gina web, aplicaci\u00f3n o plataforma desde la que\npresta el servicio solicitado en base a criterios como el contenido editado o la frecuencia en la que se muestran los\nanuncios.\n<strong>Cookies de publicidad comportamental:<\/strong> recogen informaci\u00f3n sobre las preferencias y elecciones personales del\nusuario (retargeting) para permitir la gesti\u00f3n, de la forma m\u00e1s eficaz posible, de los espacios publicitarios que, en\nsu caso, el editor haya incluido en una p\u00e1gina web, aplicaci\u00f3n o plataforma desde la que presta el servicio\nsolicitado.\n<strong>Cookies sociales:<\/strong> son establecidas por las plataformas de redes sociales en los servicios para permitirle compartir\ncontenido con sus amigos y redes. Las plataformas de medios sociales tienen la capacidad de rastrear su actividad\nen l\u00ednea fuera de los Servicios. Esto puede afectar al contenido y los mensajes que ve en otros servicios que visita.\n<strong>Cookies de afiliados:<\/strong> permiten hacer un seguimiento de las visitas procedentes de otras webs, con las que el sitio\nweb establece un contrato de afiliaci\u00f3n (empresas de afiliaci\u00f3n).\n<strong>Cookies de seguridad: <\/strong>almacenan informaci\u00f3n cifrada para evitar que los datos guardados en ellas sean\nvulnerables a ataques maliciosos de terceros.\n<p style=\"color: #4c4c4c; ; margin-top: 20px;\"><strong>SEG\u00daN LA PROPIEDAD<\/strong><\/p>\n<strong>Cookies propias:<\/strong> son aquellas que se env\u00edan al equipo terminal del usuario desde un equipo o dominio gestionado\npor el propio editor y desde el que se presta el servicio solicitado por el usuario.\n<strong>Cookies de terceros:<\/strong> son aquellas que se env\u00edan al equipo terminal del usuario desde un equipo o dominio que no\nes gestionado por el editor, sino por otra entidad que trata los datos obtenidos trav\u00e9s de las cookies.\n<p style=\"color: #4c4c4c; ; margin-top: 20px;\"><strong>SEG\u00daN EL PLAZO DE CONSERVACI\u00d3N<\/strong><\/p>\n<strong>Cookies de sesi\u00f3n:<\/strong> son un tipo de cookies dise\u00f1adas para recabar y almacenar datos mientras el usuario accede\na una p\u00e1gina web.\n<strong>Cookies persistentes:<\/strong> son un tipo de cookies en el que los datos siguen almacenados en el terminal y pueden ser\naccedidos y tratados durante un per\u00edodo definido por el responsable de la cookie, y que puede ir de unos minutos a\nvarios a\u00f1os.\n<p style=\"color: #4c4c4c; text-align: center; margin-top: 20px;\"><strong>TRATAMIENTO DE DATOS PERSONALES<\/strong><\/p>\nDIA LIBRE VIAJES SL es el <strong>Responsable del tratamiento<\/strong> de los datos personales del Interesado y le informa de que\nestos datos ser\u00e1n tratados de conformidad con lo dispuesto en el Reglamento (UE) 2016\/679, de 27 de abril de 2016\n(GDPR), por lo que se le facilita la siguiente informaci\u00f3n del tratamiento:\n<strong>Fines del tratamiento:<\/strong> seg\u00fan se especifica en el apartado de cookies que se utilizan en este sitio web.\n<strong>Legitimaci\u00f3n del tratamiento:<\/strong> salvo en los casos en los que resulte necesario para la navegaci\u00f3n por la web, por\nconsentimiento del interesado (art. 6.1 GDPR).\n<strong>Criterios de conservaci\u00f3n de los datos: <\/strong>seg\u00fan se especifica en el apartado de cookies utilizadas en la web.\n<strong>Comunicaci\u00f3n de los datos:<\/strong> no se comunicar\u00e1n los datos a terceros, excepto en cookies propiedad de terceros o por\nobligaci\u00f3n legal.\n<strong>Derechos que asisten al Interesado:<\/strong>\n&#8211; Derecho a retirar el consentimiento en cualquier momento.\n&#8211; Derecho de acceso, rectificaci\u00f3n, portabilidad y supresi\u00f3n de sus datos, y de limitaci\u00f3n u oposici\u00f3n a su tratamiento.\n&#8211; Derecho a presentar una reclamaci\u00f3n ante la Autoridad de control (www.aepd.es) si considera que el tratamiento no se\najusta a la normativa vigente.\n<strong>Datos de contacto para ejercer sus derechos:<\/strong>\nDIA LIBRE VIAJES SL. AVENIDA MENENDEZ PELAYO , 67 &#8211; LOCALES 2 Y 3, 67 &#8211; 28009 MADRID (Madrid). E-mail:\nlopd@dialibre.com\t\t\t\t\t\t\t\t<\/div>\n\t\t\t\t<\/div>\n\t\t\t\t<div class=\"elementor-element elementor-element-5992041 elementor-widget elementor-widget-spacer\" data-id=\"5992041\" data-element_type=\"widget\" data-e-type=\"widget\" data-widget_type=\"spacer.default\">\n\t\t\t\t<div class=\"elementor-widget-container\">\n\t\t\t\t\t\t\t<div class=\"elementor-spacer\">\n\t\t\t<div class=\"elementor-spacer-inner\"><\/div>\n\t\t<\/div>\n\t\t\t\t\t\t<\/div>\n\t\t\t\t<\/div>\n\t\t\t\t<div class=\"elementor-element elementor-element-5dd9aa4 elementor-align-center elementor-widget elementor-widget-button\" data-id=\"5dd9aa4\" data-element_type=\"widget\" data-e-type=\"widget\" data-widget_type=\"button.default\">\n\t\t\t\t<div class=\"elementor-widget-container\">\n\t\t\t\t\t\t\t\t\t<div class=\"elementor-button-wrapper\">\n\t\t\t\t\t<a class=\"elementor-button elementor-button-link elementor-size-lg\" href=\"http:\/\/dialibre.com\/en\/\">\n\t\t\t\t\t\t<span class=\"elementor-button-content-wrapper\">\n\t\t\t\t\t\t\t\t\t<span class=\"elementor-button-text\">BACK TO HOME<\/span>\n\t\t\t\t\t<\/span>\n\t\t\t\t\t<\/a>\n\t\t\t\t<\/div>\n\t\t\t\t\t\t\t\t<\/div>\n\t\t\t\t<\/div>\n\t\t\t\t<div class=\"elementor-element elementor-element-24d4041 elementor-widget elementor-widget-spacer\" data-id=\"24d4041\" data-element_type=\"widget\" data-e-type=\"widget\" data-widget_type=\"spacer.default\">\n\t\t\t\t<div class=\"elementor-widget-container\">\n\t\t\t\t\t\t\t<div class=\"elementor-spacer\">\n\t\t\t<div class=\"elementor-spacer-inner\"><\/div>\n\t\t<\/div>\n\t\t\t\t\t\t<\/div>\n\t\t\t\t<\/div>\n\t\t\t\t\t<\/div>\n\t\t<\/div>\n\t\t\t\t\t<\/div>\n\t\t<\/section>\n\t\t\t\t<\/div>","protected":false},"excerpt":{"rendered":"<p>Pol\u00edtica de Cookies INFORMACI\u00d3N SOBRE COOKIES Conforme con la Ley 34\/2002, de 11 de julio, de servicios de la sociedad de la informaci\u00f3n y de comercio electr\u00f3nico (LSSI), en relaci\u00f3n con el Reglamento (UE) 2016\/679 del Parlamento Europeo y del Consejo, de 27 de abril de 2016, General de Protecci\u00f3n de Datos (GDPR) y la [&hellip;]<\/p>\n","protected":false},"author":1,"featured_media":0,"parent":0,"menu_order":0,"comment_status":"closed","ping_status":"closed","template":"","meta":{"site-sidebar-layout":"no-sidebar","site-content-layout":"page-builder","ast-site-content-layout":"default","site-content-style":"default","site-sidebar-style":"default","ast-global-header-display":"","ast-banner-title-visibility":"","ast-main-header-display":"","ast-hfb-above-header-display":"","ast-hfb-below-header-display":"","ast-hfb-mobile-header-display":"","site-post-title":"disabled","ast-breadcrumbs-content":"","ast-featured-img":"disabled","footer-sml-layout":"","ast-disable-related-posts":"","theme-transparent-header-meta":"","adv-header-id-meta":"","stick-header-meta":"","header-above-stick-meta":"","header-main-stick-meta":"","header-below-stick-meta":"","astra-migrate-meta-layouts":"default","ast-page-background-enabled":"default","ast-page-background-meta":{"desktop":{"background-color":"var(--ast-global-color-4)","background-image":"","background-repeat":"repeat","background-position":"center center","background-size":"auto","background-attachment":"scroll","background-type":"","background-media":"","overlay-type":"","overlay-color":"","overlay-opacity":"","overlay-gradient":""},"tablet":{"background-color":"","background-image":"","background-repeat":"repeat","background-position":"center center","background-size":"auto","background-attachment":"scroll","background-type":"","background-media":"","overlay-type":"","overlay-color":"","overlay-opacity":"","overlay-gradient":""},"mobile":{"background-color":"","background-image":"","background-repeat":"repeat","background-position":"center center","background-size":"auto","background-attachment":"scroll","background-type":"","background-media":"","overlay-type":"","overlay-color":"","overlay-opacity":"","overlay-gradient":""}},"ast-content-background-meta":{"desktop":{"background-color":"var(--ast-global-color-5)","background-image":"","background-repeat":"repeat","background-position":"center center","background-size":"auto","background-attachment":"scroll","background-type":"","background-media":"","overlay-type":"","overlay-color":"","overlay-opacity":"","overlay-gradient":""},"tablet":{"background-color":"var(--ast-global-color-5)","background-image":"","background-repeat":"repeat","background-position":"center center","background-size":"auto","background-attachment":"scroll","background-type":"","background-media":"","overlay-type":"","overlay-color":"","overlay-opacity":"","overlay-gradient":""},"mobile":{"background-color":"var(--ast-global-color-5)","background-image":"","background-repeat":"repeat","background-position":"center center","background-size":"auto","background-attachment":"scroll","background-type":"","background-media":"","overlay-type":"","overlay-color":"","overlay-opacity":"","overlay-gradient":""}},"footnotes":""},"class_list":["post-3164","page","type-page","status-publish","hentry"],"yoast_head":"<!-- This site is optimized with the Yoast SEO plugin v27.4 - https:\/\/yoast.com\/product\/yoast-seo-wordpress\/ -->\n<title>Pol\u00edtica de cookies - Dia Libre<\/title>\n<meta name=\"robots\" content=\"index, follow, max-snippet:-1, max-image-preview:large, max-video-preview:-1\" \/>\n<link rel=\"canonical\" href=\"https:\/\/dialibre.com\/en\/politica-de-cookies\/\" \/>\n<meta property=\"og:locale\" content=\"en_US\" \/>\n<meta property=\"og:type\" content=\"article\" \/>\n<meta property=\"og:title\" content=\"Pol\u00edtica de cookies - Dia Libre\" \/>\n<meta property=\"og:description\" content=\"Pol\u00edtica de Cookies INFORMACI\u00d3N SOBRE COOKIES Conforme con la Ley 34\/2002, de 11 de julio, de servicios de la sociedad de la informaci\u00f3n y de comercio electr\u00f3nico (LSSI), en relaci\u00f3n con el Reglamento (UE) 2016\/679 del Parlamento Europeo y del Consejo, de 27 de abril de 2016, General de Protecci\u00f3n de Datos (GDPR) y la [&hellip;]\" \/>\n<meta property=\"og:url\" content=\"https:\/\/dialibre.com\/en\/politica-de-cookies\/\" \/>\n<meta property=\"og:site_name\" content=\"Dia Libre\" \/>\n<meta property=\"article:publisher\" content=\"https:\/\/www.facebook.com\/dialibreviajes\" \/>\n<meta property=\"article:modified_time\" content=\"2023-11-05T16:46:15+00:00\" \/>\n<meta property=\"og:image\" content=\"https:\/\/dialibre.com\/wp-content\/uploads\/2023\/10\/Logo-Nuevo-fondos-claros.png\" \/>\n\t<meta property=\"og:image:width\" content=\"664\" \/>\n\t<meta property=\"og:image:height\" content=\"325\" \/>\n\t<meta property=\"og:image:type\" content=\"image\/png\" \/>\n<meta name=\"twitter:card\" content=\"summary_large_image\" \/>\n<meta name=\"twitter:site\" content=\"@dialibreviajes\" \/>\n<meta name=\"twitter:label1\" content=\"Est. reading time\" \/>\n\t<meta name=\"twitter:data1\" content=\"5 minutes\" \/>\n<script type=\"application\/ld+json\" class=\"yoast-schema-graph\">{\"@context\":\"https:\\\/\\\/schema.org\",\"@graph\":[{\"@type\":\"WebPage\",\"@id\":\"https:\\\/\\\/dialibre.com\\\/politica-de-cookies\\\/\",\"url\":\"https:\\\/\\\/dialibre.com\\\/politica-de-cookies\\\/\",\"name\":\"Pol\u00edtica de cookies - Dia Libre\",\"isPartOf\":{\"@id\":\"https:\\\/\\\/dialibre.com\\\/#website\"},\"datePublished\":\"2023-06-06T18:08:50+00:00\",\"dateModified\":\"2023-11-05T16:46:15+00:00\",\"breadcrumb\":{\"@id\":\"https:\\\/\\\/dialibre.com\\\/politica-de-cookies\\\/#breadcrumb\"},\"inLanguage\":\"en-US\",\"potentialAction\":[{\"@type\":\"ReadAction\",\"target\":[\"https:\\\/\\\/dialibre.com\\\/politica-de-cookies\\\/\"]}]},{\"@type\":\"BreadcrumbList\",\"@id\":\"https:\\\/\\\/dialibre.com\\\/politica-de-cookies\\\/#breadcrumb\",\"itemListElement\":[{\"@type\":\"ListItem\",\"position\":1,\"name\":\"Inicio\",\"item\":\"https:\\\/\\\/dialibre.com\\\/\"},{\"@type\":\"ListItem\",\"position\":2,\"name\":\"Cookies-policy\"}]},{\"@type\":\"WebSite\",\"@id\":\"https:\\\/\\\/dialibre.com\\\/#website\",\"url\":\"https:\\\/\\\/dialibre.com\\\/\",\"name\":\"Dia Libre Viajes\",\"description\":\"La excelencia en los peque\u00f1os detalles\",\"publisher\":{\"@id\":\"https:\\\/\\\/dialibre.com\\\/#organization\"},\"alternateName\":\"Dia Libre\",\"potentialAction\":[{\"@type\":\"SearchAction\",\"target\":{\"@type\":\"EntryPoint\",\"urlTemplate\":\"https:\\\/\\\/dialibre.com\\\/?s={search_term_string}\"},\"query-input\":{\"@type\":\"PropertyValueSpecification\",\"valueRequired\":true,\"valueName\":\"search_term_string\"}}],\"inLanguage\":\"en-US\"},{\"@type\":\"Organization\",\"@id\":\"https:\\\/\\\/dialibre.com\\\/#organization\",\"name\":\"Dia Libre Viajes\",\"alternateName\":\"Dia Libre\",\"url\":\"https:\\\/\\\/dialibre.com\\\/\",\"logo\":{\"@type\":\"ImageObject\",\"inLanguage\":\"en-US\",\"@id\":\"https:\\\/\\\/dialibre.com\\\/#\\\/schema\\\/logo\\\/image\\\/\",\"url\":\"https:\\\/\\\/dialibre.com\\\/wp-content\\\/uploads\\\/2023\\\/10\\\/Logo-Nuevo-fondos-claros.png\",\"contentUrl\":\"https:\\\/\\\/dialibre.com\\\/wp-content\\\/uploads\\\/2023\\\/10\\\/Logo-Nuevo-fondos-claros.png\",\"width\":664,\"height\":325,\"caption\":\"Dia Libre Viajes\"},\"image\":{\"@id\":\"https:\\\/\\\/dialibre.com\\\/#\\\/schema\\\/logo\\\/image\\\/\"},\"sameAs\":[\"https:\\\/\\\/www.facebook.com\\\/dialibreviajes\",\"https:\\\/\\\/x.com\\\/dialibreviajes\",\"https:\\\/\\\/www.instagram.com\\\/dialibreviajes\\\/\",\"https:\\\/\\\/www.linkedin.com\\\/company\\\/dia-libre-viajes\"]}]}<\/script>\n<!-- \/ Yoast SEO plugin. -->","yoast_head_json":{"title":"Pol\u00edtica de cookies - Dia Libre","robots":{"index":"index","follow":"follow","max-snippet":"max-snippet:-1","max-image-preview":"max-image-preview:large","max-video-preview":"max-video-preview:-1"},"canonical":"https:\/\/dialibre.com\/en\/politica-de-cookies\/","og_locale":"en_US","og_type":"article","og_title":"Pol\u00edtica de cookies - Dia Libre","og_description":"Pol\u00edtica de Cookies INFORMACI\u00d3N SOBRE COOKIES Conforme con la Ley 34\/2002, de 11 de julio, de servicios de la sociedad de la informaci\u00f3n y de comercio electr\u00f3nico (LSSI), en relaci\u00f3n con el Reglamento (UE) 2016\/679 del Parlamento Europeo y del Consejo, de 27 de abril de 2016, General de Protecci\u00f3n de Datos (GDPR) y la [&hellip;]","og_url":"https:\/\/dialibre.com\/en\/politica-de-cookies\/","og_site_name":"Dia Libre","article_publisher":"https:\/\/www.facebook.com\/dialibreviajes","article_modified_time":"2023-11-05T16:46:15+00:00","og_image":[{"width":664,"height":325,"url":"https:\/\/dialibre.com\/wp-content\/uploads\/2023\/10\/Logo-Nuevo-fondos-claros.png","type":"image\/png"}],"twitter_card":"summary_large_image","twitter_site":"@dialibreviajes","twitter_misc":{"Est. reading time":"5 minutes"},"schema":{"@context":"https:\/\/schema.org","@graph":[{"@type":"WebPage","@id":"https:\/\/dialibre.com\/politica-de-cookies\/","url":"https:\/\/dialibre.com\/politica-de-cookies\/","name":"Pol\u00edtica de cookies - Dia Libre","isPartOf":{"@id":"https:\/\/dialibre.com\/#website"},"datePublished":"2023-06-06T18:08:50+00:00","dateModified":"2023-11-05T16:46:15+00:00","breadcrumb":{"@id":"https:\/\/dialibre.com\/politica-de-cookies\/#breadcrumb"},"inLanguage":"en-US","potentialAction":[{"@type":"ReadAction","target":["https:\/\/dialibre.com\/politica-de-cookies\/"]}]},{"@type":"BreadcrumbList","@id":"https:\/\/dialibre.com\/politica-de-cookies\/#breadcrumb","itemListElement":[{"@type":"ListItem","position":1,"name":"Inicio","item":"https:\/\/dialibre.com\/"},{"@type":"ListItem","position":2,"name":"Cookies-policy"}]},{"@type":"WebSite","@id":"https:\/\/dialibre.com\/#website","url":"https:\/\/dialibre.com\/","name":"Dia Libre Viajes","description":"La excelencia en los peque\u00f1os detalles","publisher":{"@id":"https:\/\/dialibre.com\/#organization"},"alternateName":"Dia Libre","potentialAction":[{"@type":"SearchAction","target":{"@type":"EntryPoint","urlTemplate":"https:\/\/dialibre.com\/?s={search_term_string}"},"query-input":{"@type":"PropertyValueSpecification","valueRequired":true,"valueName":"search_term_string"}}],"inLanguage":"en-US"},{"@type":"Organization","@id":"https:\/\/dialibre.com\/#organization","name":"Dia Libre Viajes","alternateName":"Dia Libre","url":"https:\/\/dialibre.com\/","logo":{"@type":"ImageObject","inLanguage":"en-US","@id":"https:\/\/dialibre.com\/#\/schema\/logo\/image\/","url":"https:\/\/dialibre.com\/wp-content\/uploads\/2023\/10\/Logo-Nuevo-fondos-claros.png","contentUrl":"https:\/\/dialibre.com\/wp-content\/uploads\/2023\/10\/Logo-Nuevo-fondos-claros.png","width":664,"height":325,"caption":"Dia Libre Viajes"},"image":{"@id":"https:\/\/dialibre.com\/#\/schema\/logo\/image\/"},"sameAs":["https:\/\/www.facebook.com\/dialibreviajes","https:\/\/x.com\/dialibreviajes","https:\/\/www.instagram.com\/dialibreviajes\/","https:\/\/www.linkedin.com\/company\/dia-libre-viajes"]}]}},"_links":{"self":[{"href":"https:\/\/dialibre.com\/en\/wp-json\/wp\/v2\/pages\/3164","targetHints":{"allow":["GET"]}}],"collection":[{"href":"https:\/\/dialibre.com\/en\/wp-json\/wp\/v2\/pages"}],"about":[{"href":"https:\/\/dialibre.com\/en\/wp-json\/wp\/v2\/types\/page"}],"author":[{"embeddable":true,"href":"https:\/\/dialibre.com\/en\/wp-json\/wp\/v2\/users\/1"}],"replies":[{"embeddable":true,"href":"https:\/\/dialibre.com\/en\/wp-json\/wp\/v2\/comments?post=3164"}],"version-history":[{"count":1,"href":"https:\/\/dialibre.com\/en\/wp-json\/wp\/v2\/pages\/3164\/revisions"}],"predecessor-version":[{"id":13068,"href":"https:\/\/dialibre.com\/en\/wp-json\/wp\/v2\/pages\/3164\/revisions\/13068"}],"wp:attachment":[{"href":"https:\/\/dialibre.com\/en\/wp-json\/wp\/v2\/media?parent=3164"}],"curies":[{"name":"wp","href":"https:\/\/api.w.org\/{rel}","templated":true}]}}